{"id":153,"date":"2016-01-07T09:14:01","date_gmt":"2016-01-07T09:14:01","guid":{"rendered":"http:\/\/blog.land-water-adventures.com\/?page_id=153"},"modified":"2021-09-27T08:43:38","modified_gmt":"2021-09-27T06:43:38","slug":"datenschutz","status":"publish","type":"page","link":"https:\/\/www.land-water-blog.de\/en\/datenschutz\/","title":{"rendered":"Privacy Statement"},"content":{"rendered":"<p>Stand April 2018<\/p>\n<h2>1. Allgemeines<\/h2>\n<p>Der dauerhafte Schutz Ihrer personenbezogenen Daten (wie z.B. Name, Land, E-Mail-Adresse, Telefonnummer) ist uns (Land Water Adventures Dr. Sebastian Schmidt, im Folgenden \u201eLWA\u201c) besonders wichtig. Sie werden von uns nur gem\u00e4\u00df den Bestimmungen des europ\u00e4ischen Datenschutzrechts (basierend auf der Datenschutzgrundverordnung; DSGVO) verarbeitet. Die nachfolgenden Vorschriften informieren Sie \u00fcber Art, Umfang und Zweck der Erhebung, Verarbeitung und Nutzung personenbezogener Daten. Diese Datenschutzbestimmungen beziehen sich nur auf unsere Dienstleistungen und unsere Webseiten. Falls Sie \u00fcber Links auf andere Seiten weitergeleitet werden, informieren Sie sich bitte dort \u00fcber den jeweiligen Umgang mit Ihren Daten.<\/p>\n<p>Verantwortliche Stelle im Sinne der DSGVO f\u00fcr die Erhebung, Verarbeitung und Nutzung Ihrer Daten ist LWA, soweit im Einzelnen nicht auf andere Verantwortlichkeiten hingewiesen wird.<\/p>\n<p>LAND WATER ADVENTURES \u2013 Dr. Sebastian Schmidt<\/p>\n<p>Winzinger Stra\u00dfe 109<\/p>\n<p>67433 Neustadt an der Weinstra\u00dfe<\/p>\n<p>Telefon: +49 (0) 6321 \/ 89 00 634<\/p>\n<p>E-Mail:\u00a0<span id=\"cloak9bb898688d3c1cc930d85edc0a547424\"><a href=\"mailto:info@land-water-adventures.com\">info@land-water-adventures.com<\/a><\/span><\/p>\n<h2>2. Grundsatz, Einwilligung, Widerruf<\/h2>\n<p>F\u00fcr eine Teilnahme an unseren Dienstleistungen ist es unerl\u00e4sslich, dass bestimmte personenbezogene Daten von Ihnen durch uns erhoben, verarbeitet und genutzt werden.<\/p>\n<p>Zweck jedweder Erhebung, Verarbeitung und Nutzung Ihrer personenbezogenen Daten ist die Webseite zug\u00e4nglich und nutzbar zu machen.<\/p>\n<p>Eine Erhebung, Verarbeitung oder Nutzung zu anderen Zwecken oder eine Weitergabe an Dritte, soweit nicht in diesen Datenschutzbestimmungen ausdr\u00fccklich bestimmt, findet ohne Ihre ausdr\u00fcckliche Einwilligung nicht statt.<\/p>\n<p>Mit Ihrer Zustimmung zu diesen Datenschutzbestimmungen erkl\u00e4ren Sie sich damit einverstanden, dass LWA die von Ihnen im Rahmen der erhobenen personenbezogenen Daten in der nachfolgend beschriebenen Art und Weise verarbeitet und nutzt.<\/p>\n<p>Eine einmal gegebene Einwilligung in die Verarbeitung Ihrer personenbezogenen Daten k\u00f6nnen Sie jederzeit widerrufen, ohne dass dies mit zus\u00e4tzlichen Verpflichtungen oder negativen Konsequenzen f\u00fcr Sie verbunden ist. Eine Nutzung unserer Dienstleistungen ist ohne die Einwilligung nicht m\u00f6glich.<\/p>\n<h2>3. Datenerhebung und Art der Daten<\/h2>\n<h3>Blog<\/h3>\n<p>Sie k\u00f6nnen unsere Webseiten grunds\u00e4tzlich besuchen, ohne Angaben zu Ihrer Person zu machen. Wir erfassen personenbezogene Daten nur, wenn Sie uns diese freiwillig, \u00fcber ein Eingabe\u2010 oder Kontaktformular zur Verf\u00fcgung stellen. Um solche Daten werden Sie z.B. gebeten, wenn Sie \u00fcber ein Eingabe- und Kontaktformular eine Kontaktanfrage oder einen Kommentar \u00fcbermitteln. Alle Daten, die Sie uns \u00fcber unsere Website zur Verf\u00fcgung stellen, werden ausschlie\u00dflich in verschl\u00fcsselter Form \u00fcbertragen.<\/p>\n<h2>4. Website-Nutzungsdaten und Cookies<\/h2>\n<h3>Cookies<\/h3>\n<p>Zur Optimierung unseres Internetauftritts setzen wir Cookies ein. Es handelt sich dabei um kleine Textdateien, die es uns erm\u00f6glichen, auf Ihrem PC oder sonstigem Endger\u00e4t spezifische Informationen \u00fcber Sie als Besucher unserer Webseite zu speichern. Cookies helfen uns zum Beispiel dabei, die Sicherheit zu erh\u00f6hen, die Nutzungsh\u00e4ufigkeit und die Anzahl der Besucher unserer Internetseiten zu ermitteln, das Nutzungsverhalten auf unserer Webseite zu analysieren und hierdurch die Werbewirksamkeit einzusch\u00e4tzen.<\/p>\n<p>Session-Cookies: Wir benutzen sogenannte &#8222;Session-Cookies&#8220;, mit denen Sie w\u00e4hrend der Dauer Ihres Besuchs identifiziert werden k\u00f6nnen. Diese Cookies verfallen automatisch nach dem Ende Ihrer Sitzung bei unserer Webseite.<\/p>\n<p>Persistente Cookies: Wir benutzen au\u00dferdem persistente Cookies. Hierdurch k\u00f6nnen wir Informationen \u00fcber Besucher festhalten, die wiederholt auf unsere Webseite zugreifen. Durch den Einsatz solcher Cookies k\u00f6nnen wir unsere Produkte und Dienstleistungen f\u00fcr Sie kontinuierlich verbessern. Diese persistenten Cookies enthalten keine personenbezogenen Daten. Die Daten, die in den Cookies gespeichert werden, werden zu keiner Zeit mit Ihren personenbezogenen Daten zusammengef\u00fchrt.<\/p>\n<p>Widerspruchsrecht: Sie k\u00f6nnen das Setzen von Cookies verhindern und so der Erstellung von Nutzungsprofilen widersprechen, indem Sie in Ihrem Browser das Speichern von Cookies deaktivieren, auf bestimmte Webseiten beschr\u00e4nken oder Ihren Browser so einstellen, dass er sie benachrichtigt, sobald ein Cookie gesendet wird. Sie k\u00f6nnen Cookies auch jederzeit von der Festplatte Ihres PC l\u00f6schen. Bitte beachten Sie aber, dass die Nutzung unserer Webseite nur eingeschr\u00e4nkt m\u00f6glich ist, wenn Cookies abgelehnt werden.<\/p>\n<h3>Logfiles<\/h3>\n<p>Bei jedem Seitenaufruf werden Zugriffsdaten in einer Protokolldatei, dem Server-Log, gespeichert. Der dabei gespeicherte Datensatz enth\u00e4lt die folgenden Daten:<\/p>\n<p>Das Datum, die Uhrzeit, auf welche Datei der Zugriff erfolgte, den Status, die Anfrage, die Ihr Browser an den Server gestellt hat, die \u00fcbertragene Datenmenge sowie die Internetseite, von der Sie auf die angeforderte Seite gekommen sind (Referrer), sowie die Produkt- und Versionsinformationen des verwendeten Browsers, Ihr Betriebssystem sowie Ihr Herkunftsland.<\/p>\n<p>IP-Adressen von Nutzern werden nach Beendigung des Besuchs unserer Website nicht gespeichert, sondern vorbehaltlich etwaiger gesetzlicher Aufbewahrungspflichten nach Beendigung der Nutzung gel\u00f6scht oder anonymisiert. Bei einer Anonymisierung werden die IP-Adressen derart ver\u00e4ndert, dass die Einzelangaben \u00fcber pers\u00f6nliche oder sachliche Verh\u00e4ltnisse nicht mehr oder nur mit einem unverh\u00e4ltnism\u00e4\u00dfig gro\u00dfen Aufwand an Zeit, Kosten und Arbeitskraft einer bestimmten oder bestimmbaren nat\u00fcrlichen Person zugeordnet werden k\u00f6nnen.<\/p>\n<p>Die Protokolldaten (Logs) verwenden anonymisiert, also ohne Zuordnung oder Hinweise auf Ihre Person, f\u00fcr statistische Auswertungen, um z.B. zu erfahren, an welchen Tagen und zu welchen Uhrzeiten die Angebote unserer Webseiten besonders beliebt sind und wie viel Datenvolumen auf unseren Webseiten erzeugt wird. Zudem erm\u00f6glichen uns die Log-Dateien gegebenenfalls Fehler zu erkennen, z.B. fehlerhafte Links oder Programmfehler. So k\u00f6nnen wir die Log-Dateien f\u00fcr die Weiterentwicklung unserer Webseiten verwenden. Wir verkn\u00fcpfen die im Server-Log gespeicherten Seitenabrufe und Nutzungen zu keiner Zeit mit einzelnen Personen. Wir behalten uns eine Nutzung von Daten aus Log-Dateien vor, wenn aufgrund bestimmter Tatsachen der Verdacht besteht, dass Nutzer unsere Webseiten und\/oder unserer Dienste gesetz- oder vertragswidrig nutzen.<\/p>\n<h3>YouTube-Videos<\/h3>\n<p>Wir binden auf unseren Webseiten Videos \u00fcber YouTube ein, ein Dienst der YouTube, LLC, 901 Cherry Ave., San Bruno, CA 94066, USA (im Folgenden: YouTube).<\/p>\n<p>Wenn Sie eine Webseite unseres Internetauftritts aufrufen, in die ein solches Video eingebunden ist und auf das Vorschaubild des Videos klicken, baut Ihr Browser eine direkte Verbindung mit den Servern von YouTube auf. Der Inhalt des Videos wird von YouTube direkt an Ihren Browser \u00fcbermittelt und von diesem in die Webseite eingebunden. Laut YouTube werden erst Daten \u00fcber Sie an YouTube \u00fcbermittelt, sobald Sie ein Video zum Anschauen anklicken. Wir haben keinen direkten Einfluss auf den Umfang und die Nutzung der Daten, die YouTube hierdurch erheben kann. Zweck und Umfang der Datenerhebung und die weitere Verarbeitung und Nutzung der Daten durch YouTube sowie Ihre diesbez\u00fcglichen Rechte und Einstellungsm\u00f6glichkeiten zum Schutz Ihrer Privatsph\u00e4re entnehmen Sie bitte YouTubes Datenschutzhinweisen:\u00a0<a href=\"https:\/\/www.youtube.com\/static?&amp;template=privacy_guidelines\">https:\/\/www.youtube.com\/static?&amp;template=privacy_guidelines\u00a0<\/a>(Link zu externem Anbieter).<\/p>\n<p>Wenn Sie nicht m\u00f6chten, dass YouTube Daten \u00fcber Sie erhebt, klicken Sie nicht auf die eingebetteten Videos.<\/p>\n<p>Wenn Sie einen YouTube-Account haben und nicht m\u00f6chten, dass YouTube \u00fcber unseren Internetauftritt Daten \u00fcber Sie sammelt und mit Ihren bei YouTube gespeicherten Mitgliedsdaten verkn\u00fcpft, m\u00fcssen Sie sich vor Ihrem Besuch unseres Internetauftritts bei YouTube ausloggen.<\/p>\n<h3>5. Recht auf Auskunft, Datenl\u00f6schung, Widerspruch und Beschwerderecht<\/h3>\n<p>Sie k\u00f6nnen jederzeit nach Ma\u00dfgabe der \u00a7\u00a7 15, 16 und 17 DSGVO Auskunft von uns \u00fcber die zu Ihrer Person gespeicherten personenbezogenen Daten bzw. die Berichtigung oder L\u00f6schung Ihrer Daten verlangen. Dies kann \u00fcber ein Auskunfts-, Berichtigungs- oder L\u00f6schungsersuchen (per Briefpost mit Unterschrift und Personalausweiskopie) an LWA geschehen:<\/p>\n<p>LAND WATER ADVENTURES \u2013 Dr. Sebastian Schmidt<\/p>\n<p>Winzinger Stra\u00dfe 109<\/p>\n<p>67433 Neustadt an der Weinstra\u00dfe<\/p>\n<p>Ihre Personalausweiskopie wird ausschlie\u00dflich zur Pr\u00fcfung Ihrer Identit\u00e4t genutzt und danach unverz\u00fcglich vernichtet. Sie k\u00f6nnen in der \u00fcbersandten Personalausweiskopie nicht erforderliche Daten wie Ihr Bild oder Ihre Augenfarbe schw\u00e4rzen. Nach Ablauf der gesetzlichen Aufbewahrungsfristen erfolgt die vollst\u00e4ndige L\u00f6schung der Daten.<\/p>\n<p>Sollten Sie der Ansicht sein, dass wir Ihre Daten in rechtswidriger Form verarbeiten, kl\u00e4ren wir Sie dar\u00fcber auf, dass Sie sich gem\u00e4\u00df \u00a777 DSGVO bei folgender Aufsichtsbeh\u00f6rde beschweren k\u00f6nnen:<\/p>\n<p>Der Landesbeauftragte f\u00fcr den Datenschutz und die Informationsfreiheit Rheinland-Pfalz<\/p>\n<p>Postfach 30 40<\/p>\n<p>55020 Mainz<\/p>\n<h2>6. \u00c4nderungen<\/h2>\n<p>Durch die Weiterentwicklung unsere Angebote bzw. durch technische \u00c4nderungen kann eine Anpassung dieser Datenschutzerkl\u00e4rung notwendig werden. LWA beh\u00e4lt sich daher vor, die Datenschutzerkl\u00e4rung jederzeit und ohne Angabe von Gr\u00fcnden zu ver\u00e4ndern.<\/p>\n<p>LWA wird Ihnen die ge\u00e4nderte Datenschutzerkl\u00e4rung per E-Mail oder auf anderem Wege sp\u00e4testens vier Wochen vor ihrem Inkrafttreten bekanntgeben.<\/p>\n<p>Stimmen Sie der Geltung der ge\u00e4nderten Datenschutzerkl\u00e4rung nicht innerhalb von vier Wochen nach Zugang der Benachrichtigung \u00fcber die \u00c4nderung dieser Datenschutzerkl\u00e4rung, so gilt die ge\u00e4nderte Datenschutzerkl\u00e4rung als von Ihnen\u00a0<strong>nicht<\/strong>\u00a0akzeptiert. In diesem Fall ist Ihre weitere Teilnahme an den Angeboten von LWA nicht mehr m\u00f6glich.<\/p>","protected":false},"excerpt":{"rendered":"<p>Stand April 2018 1. Allgemeines Der dauerhafte Schutz Ihrer personenbezogenen Daten (wie z.B. Name, Land, E-Mail-Adresse, Telefonnummer) ist uns (Land Water Adventures Dr. Sebastian Schmidt, im Folgenden \u201eLWA\u201c) besonders wichtig. Sie werden von uns nur gem\u00e4\u00df den Bestimmungen des europ\u00e4ischen Datenschutzrechts (basierend auf der Datenschutzgrundverordnung; DSGVO) verarbeitet. Die nachfolgenden Vorschriften informieren Sie \u00fcber Art, Umfang und Zweck der Erhebung, Verarbeitung und Nutzung personenbezogener Daten. Diese Datenschutzbestimmungen beziehen sich nur auf unsere Dienstleistungen und unsere Webseiten. Falls Sie \u00fcber Links auf andere Seiten weitergeleitet werden, informieren Sie sich bitte dort \u00fcber den jeweiligen Umgang mit Ihren Daten. Verantwortliche Stelle im Sinne der DSGVO f\u00fcr die Erhebung, Verarbeitung und Nutzung Ihrer Daten ist LWA, soweit im Einzelnen nicht auf andere Verantwortlichkeiten hingewiesen wird. LAND WATER ADVENTURES \u2013 Dr. Sebastian Schmidt Winzinger Stra\u00dfe 109 67433 Neustadt an der Weinstra\u00dfe Telefon: +49 (0) 6321 \/ 89 00 634 E-Mail:\u00a0info@land-water-adventures.com 2. Grundsatz, Einwilligung, Widerruf F\u00fcr eine Teilnahme an unseren Dienstleistungen ist es unerl\u00e4sslich, dass bestimmte personenbezogene Daten von Ihnen durch uns erhoben, verarbeitet und genutzt werden. Zweck jedweder Erhebung, Verarbeitung und Nutzung Ihrer personenbezogenen Daten ist die Webseite zug\u00e4nglich und nutzbar zu machen. Eine Erhebung, Verarbeitung oder Nutzung zu anderen Zwecken oder eine Weitergabe an Dritte, soweit nicht in diesen Datenschutzbestimmungen ausdr\u00fccklich bestimmt, findet ohne Ihre ausdr\u00fcckliche Einwilligung nicht statt. Mit Ihrer Zustimmung zu diesen Datenschutzbestimmungen erkl\u00e4ren Sie sich damit einverstanden, dass LWA die von Ihnen im Rahmen der erhobenen personenbezogenen Daten in der nachfolgend beschriebenen Art und Weise verarbeitet und nutzt. Eine einmal gegebene Einwilligung in die Verarbeitung Ihrer personenbezogenen Daten k\u00f6nnen Sie jederzeit widerrufen, ohne dass dies mit zus\u00e4tzlichen Verpflichtungen oder negativen Konsequenzen f\u00fcr Sie verbunden ist. Eine Nutzung unserer Dienstleistungen ist ohne die Einwilligung nicht m\u00f6glich. 3. Datenerhebung und Art der Daten Blog Sie k\u00f6nnen unsere Webseiten grunds\u00e4tzlich besuchen, ohne Angaben zu Ihrer Person zu machen. Wir erfassen personenbezogene Daten nur, wenn Sie uns diese freiwillig, \u00fcber ein Eingabe\u2010 oder Kontaktformular zur Verf\u00fcgung stellen. Um solche Daten werden Sie z.B. gebeten, wenn Sie \u00fcber ein Eingabe- und Kontaktformular eine Kontaktanfrage oder einen Kommentar \u00fcbermitteln. Alle Daten, die Sie uns \u00fcber unsere Website zur Verf\u00fcgung stellen, werden ausschlie\u00dflich in verschl\u00fcsselter Form \u00fcbertragen. 4. Website-Nutzungsdaten und Cookies Cookies Zur Optimierung unseres Internetauftritts setzen wir Cookies ein. Es handelt sich dabei um kleine Textdateien, die es uns erm\u00f6glichen, auf Ihrem PC oder sonstigem Endger\u00e4t spezifische Informationen \u00fcber Sie als Besucher unserer Webseite zu speichern. Cookies helfen uns zum Beispiel dabei, die Sicherheit zu erh\u00f6hen, die Nutzungsh\u00e4ufigkeit und die Anzahl der Besucher unserer Internetseiten zu ermitteln, das Nutzungsverhalten auf unserer Webseite zu analysieren und hierdurch die Werbewirksamkeit einzusch\u00e4tzen. Session-Cookies: Wir benutzen sogenannte &#8222;Session-Cookies&#8220;, mit denen Sie w\u00e4hrend der Dauer Ihres Besuchs identifiziert werden k\u00f6nnen. Diese Cookies verfallen automatisch nach dem Ende Ihrer Sitzung bei unserer Webseite. Persistente Cookies: Wir benutzen au\u00dferdem persistente Cookies. Hierdurch k\u00f6nnen wir Informationen \u00fcber Besucher festhalten, die wiederholt auf unsere Webseite zugreifen. Durch den Einsatz solcher Cookies k\u00f6nnen wir unsere Produkte und Dienstleistungen f\u00fcr Sie kontinuierlich verbessern. Diese persistenten Cookies enthalten keine personenbezogenen Daten. Die Daten, die in den Cookies gespeichert werden, werden zu keiner Zeit mit Ihren personenbezogenen Daten zusammengef\u00fchrt. Widerspruchsrecht: Sie k\u00f6nnen das Setzen von Cookies verhindern und so der Erstellung von Nutzungsprofilen widersprechen, indem Sie in Ihrem Browser das Speichern von Cookies deaktivieren, auf bestimmte Webseiten beschr\u00e4nken oder Ihren Browser so einstellen, dass er sie benachrichtigt, sobald ein Cookie gesendet wird. Sie k\u00f6nnen Cookies auch jederzeit von der Festplatte Ihres PC l\u00f6schen. Bitte beachten Sie aber, dass die Nutzung unserer Webseite nur eingeschr\u00e4nkt m\u00f6glich ist, wenn Cookies abgelehnt werden. Logfiles Bei jedem Seitenaufruf werden Zugriffsdaten in einer Protokolldatei, dem Server-Log, gespeichert. Der dabei gespeicherte Datensatz enth\u00e4lt die folgenden Daten: Das Datum, die Uhrzeit, auf welche Datei der Zugriff erfolgte, den Status, die Anfrage, die Ihr Browser an den Server gestellt hat, die \u00fcbertragene Datenmenge sowie die Internetseite, von der Sie auf die angeforderte Seite gekommen sind (Referrer), sowie die Produkt- und Versionsinformationen des verwendeten Browsers, Ihr Betriebssystem sowie Ihr Herkunftsland. IP-Adressen von Nutzern werden nach Beendigung des Besuchs unserer Website nicht gespeichert, sondern vorbehaltlich etwaiger gesetzlicher Aufbewahrungspflichten nach Beendigung der Nutzung gel\u00f6scht oder anonymisiert. Bei einer Anonymisierung werden die IP-Adressen derart ver\u00e4ndert, dass die Einzelangaben \u00fcber pers\u00f6nliche oder sachliche Verh\u00e4ltnisse nicht mehr oder nur mit einem unverh\u00e4ltnism\u00e4\u00dfig gro\u00dfen Aufwand an Zeit, Kosten und Arbeitskraft einer bestimmten oder bestimmbaren nat\u00fcrlichen Person zugeordnet werden k\u00f6nnen. Die Protokolldaten (Logs) verwenden anonymisiert, also ohne Zuordnung oder Hinweise auf Ihre Person, f\u00fcr statistische Auswertungen, um z.B. zu erfahren, an welchen Tagen und zu welchen Uhrzeiten die Angebote unserer Webseiten besonders beliebt sind und wie viel Datenvolumen auf unseren Webseiten erzeugt wird. Zudem erm\u00f6glichen uns die Log-Dateien gegebenenfalls Fehler zu erkennen, z.B. fehlerhafte Links oder Programmfehler. So k\u00f6nnen wir die Log-Dateien f\u00fcr die Weiterentwicklung unserer Webseiten verwenden. Wir verkn\u00fcpfen die im Server-Log gespeicherten Seitenabrufe und Nutzungen zu keiner Zeit mit einzelnen Personen. Wir behalten uns eine Nutzung von Daten aus Log-Dateien vor, wenn aufgrund bestimmter Tatsachen der Verdacht besteht, dass Nutzer unsere Webseiten und\/oder unserer Dienste gesetz- oder vertragswidrig nutzen. YouTube-Videos Wir binden auf unseren Webseiten Videos \u00fcber YouTube ein, ein Dienst der YouTube, LLC, 901 Cherry Ave., San Bruno, CA 94066, USA (im Folgenden: YouTube). Wenn Sie eine Webseite unseres Internetauftritts aufrufen, in die ein solches Video eingebunden ist und auf das Vorschaubild des Videos klicken, baut Ihr Browser eine direkte Verbindung mit den Servern von YouTube auf. Der Inhalt des Videos wird von YouTube direkt an Ihren Browser \u00fcbermittelt und von diesem in die Webseite eingebunden. Laut YouTube werden erst Daten \u00fcber Sie an YouTube \u00fcbermittelt, sobald Sie ein Video zum Anschauen anklicken. Wir haben keinen direkten Einfluss auf den Umfang und die Nutzung der Daten, die YouTube hierdurch erheben kann. Zweck und Umfang der Datenerhebung und die weitere Verarbeitung und Nutzung der Daten durch YouTube sowie Ihre diesbez\u00fcglichen Rechte und Einstellungsm\u00f6glichkeiten zum Schutz Ihrer Privatsph\u00e4re entnehmen Sie bitte YouTubes Datenschutzhinweisen:\u00a0https:\/\/www.youtube.com\/static?&amp;template=privacy_guidelines\u00a0(Link zu externem Anbieter). Wenn Sie nicht m\u00f6chten, dass YouTube Daten \u00fcber Sie erhebt, klicken Sie nicht auf die eingebetteten Videos. Wenn Sie einen YouTube-Account haben und nicht m\u00f6chten, dass YouTube \u00fcber unseren Internetauftritt Daten \u00fcber Sie sammelt und mit Ihren bei YouTube gespeicherten Mitgliedsdaten verkn\u00fcpft, m\u00fcssen Sie sich vor Ihrem Besuch unseres Internetauftritts bei YouTube ausloggen. 5. Recht auf Auskunft, Datenl\u00f6schung, Widerspruch und Beschwerderecht Sie k\u00f6nnen jederzeit nach Ma\u00dfgabe der \u00a7\u00a7 15, 16 und 17 DSGVO Auskunft von uns \u00fcber die zu Ihrer Person gespeicherten personenbezogenen Daten bzw. die Berichtigung oder L\u00f6schung Ihrer Daten verlangen. Dies kann \u00fcber ein Auskunfts-, Berichtigungs- oder L\u00f6schungsersuchen (per Briefpost mit Unterschrift und Personalausweiskopie) an LWA geschehen: LAND WATER ADVENTURES \u2013 Dr. Sebastian Schmidt Winzinger Stra\u00dfe 109 67433 Neustadt an der Weinstra\u00dfe Ihre Personalausweiskopie wird ausschlie\u00dflich zur Pr\u00fcfung Ihrer Identit\u00e4t genutzt und danach unverz\u00fcglich vernichtet. Sie k\u00f6nnen in der \u00fcbersandten Personalausweiskopie nicht erforderliche Daten wie Ihr Bild oder Ihre Augenfarbe schw\u00e4rzen. Nach Ablauf der gesetzlichen Aufbewahrungsfristen erfolgt die vollst\u00e4ndige L\u00f6schung der Daten. Sollten Sie der Ansicht sein, dass wir Ihre Daten in rechtswidriger Form verarbeiten, kl\u00e4ren wir Sie dar\u00fcber auf, dass Sie sich gem\u00e4\u00df \u00a777 DSGVO bei folgender Aufsichtsbeh\u00f6rde beschweren k\u00f6nnen: Der Landesbeauftragte f\u00fcr den Datenschutz und die Informationsfreiheit Rheinland-Pfalz Postfach 30 40 55020 Mainz 6. \u00c4nderungen Durch die Weiterentwicklung unsere Angebote bzw. durch technische \u00c4nderungen kann eine Anpassung dieser Datenschutzerkl\u00e4rung notwendig werden. LWA beh\u00e4lt sich daher vor, die Datenschutzerkl\u00e4rung jederzeit und ohne Angabe von Gr\u00fcnden zu ver\u00e4ndern. LWA wird Ihnen die ge\u00e4nderte Datenschutzerkl\u00e4rung per E-Mail oder auf anderem Wege sp\u00e4testens vier Wochen vor ihrem Inkrafttreten bekanntgeben. Stimmen Sie der Geltung der ge\u00e4nderten Datenschutzerkl\u00e4rung nicht innerhalb von vier Wochen nach Zugang der Benachrichtigung \u00fcber die \u00c4nderung dieser Datenschutzerkl\u00e4rung, so gilt die ge\u00e4nderte Datenschutzerkl\u00e4rung als von Ihnen\u00a0nicht\u00a0akzeptiert. In diesem Fall ist Ihre weitere Teilnahme an den Angeboten von LWA nicht mehr m\u00f6glich.<\/p>","protected":false},"author":1,"featured_media":0,"parent":0,"menu_order":0,"comment_status":"closed","ping_status":"closed","template":"","meta":{"footnotes":""},"class_list":["post-153","page","type-page","status-publish","hentry"],"_links":{"self":[{"href":"https:\/\/www.land-water-blog.de\/en\/wp-json\/wp\/v2\/pages\/153","targetHints":{"allow":["GET"]}}],"collection":[{"href":"https:\/\/www.land-water-blog.de\/en\/wp-json\/wp\/v2\/pages"}],"about":[{"href":"https:\/\/www.land-water-blog.de\/en\/wp-json\/wp\/v2\/types\/page"}],"author":[{"embeddable":true,"href":"https:\/\/www.land-water-blog.de\/en\/wp-json\/wp\/v2\/users\/1"}],"replies":[{"embeddable":true,"href":"https:\/\/www.land-water-blog.de\/en\/wp-json\/wp\/v2\/comments?post=153"}],"version-history":[{"count":6,"href":"https:\/\/www.land-water-blog.de\/en\/wp-json\/wp\/v2\/pages\/153\/revisions"}],"predecessor-version":[{"id":2158,"href":"https:\/\/www.land-water-blog.de\/en\/wp-json\/wp\/v2\/pages\/153\/revisions\/2158"}],"wp:attachment":[{"href":"https:\/\/www.land-water-blog.de\/en\/wp-json\/wp\/v2\/media?parent=153"}],"curies":[{"name":"wp","href":"https:\/\/api.w.org\/{rel}","templated":true}]}}