{"id":13,"date":"2015-03-30T14:38:11","date_gmt":"2015-03-30T14:38:11","guid":{"rendered":"http:\/\/www.land-water-adventures.com\/blog\/?page_id=13"},"modified":"2021-09-27T08:42:50","modified_gmt":"2021-09-27T06:42:50","slug":"impressum","status":"publish","type":"page","link":"https:\/\/www.land-water-blog.de\/en\/impressum\/","title":{"rendered":"Legal information"},"content":{"rendered":"<p><em>Angaben gem\u00e4\u00df \u00a7 5 TMG:<\/em><br><em>Land Water Adventures Dr. Sebastian Schmidt<\/em><\/p>\n\n\n\n<p><em>Anschrift:<\/em><br><em>Winzinger Stra\u00dfe 109<br>67433 Neustadt an der Weinstra\u00dfe<\/em><\/p>\n\n\n\n<p><em>UStID: DE297309444 <\/em><\/p>\n\n\n\n<p><em>Telefon: +49 6321\/89 00 634<\/em><br><em>Mobil: +49 151\/511 76929 <\/em><br><em>E-Mail: <a href=\"mailto:info@land-water-adventures.com\">info@land-water-adventures.com <\/a><\/em><\/p>\n\n\n\n<p><strong>Inhaltlich veranwortlich:<\/strong><br>Dr. Sebastian Schmidt, Winzinger Stra\u00dfe 109, 67433 Neustadt an der Weinstra\u00dfe<\/p>\n\n\n\n<p><strong>Geltung f\u00fcr andere Internetpr\u00e4senzen und Telemedien:<\/strong><br>Alle vorstehenden Angaben beziehen sich auch auf unsere Internetauftritte bei den Fremdanbietern Facebook und Google sowie auf unseren Newsletter und unseren Blog.<\/p>\n\n\n\n<p><strong>Weitere Dokumente:<\/strong><\/p>\n\n\n\n<p><a href=\"https:\/\/www.land-water-blog.de\/datenschutz\/\" target=\"_blank\" rel=\"noopener\">privacy statement<\/a><\/p>","protected":false},"excerpt":{"rendered":"<p>Angaben gem\u00e4\u00df \u00a7 5 TMG:Land Water Adventures Dr. Sebastian Schmidt Anschrift:Winzinger Stra\u00dfe 10967433 Neustadt an der Weinstra\u00dfe UStID: DE297309444 Telefon: +49 6321\/89 00 634Mobil: +49 151\/511 76929 E-Mail: info@land-water-adventures.com Inhaltlich veranwortlich:Dr. Sebastian Schmidt, Winzinger Stra\u00dfe 109, 67433 Neustadt an der Weinstra\u00dfe Geltung f\u00fcr andere Internetpr\u00e4senzen und Telemedien:Alle vorstehenden Angaben beziehen sich auch auf unsere Internetauftritte bei den Fremdanbietern Facebook und Google sowie auf unseren Newsletter und unseren Blog. Weitere Dokumente: Datenschutzerkl\u00e4rung<\/p>","protected":false},"author":1,"featured_media":0,"parent":0,"menu_order":0,"comment_status":"closed","ping_status":"closed","template":"","meta":{"footnotes":""},"class_list":["post-13","page","type-page","status-publish","hentry"],"_links":{"self":[{"href":"https:\/\/www.land-water-blog.de\/en\/wp-json\/wp\/v2\/pages\/13","targetHints":{"allow":["GET"]}}],"collection":[{"href":"https:\/\/www.land-water-blog.de\/en\/wp-json\/wp\/v2\/pages"}],"about":[{"href":"https:\/\/www.land-water-blog.de\/en\/wp-json\/wp\/v2\/types\/page"}],"author":[{"embeddable":true,"href":"https:\/\/www.land-water-blog.de\/en\/wp-json\/wp\/v2\/users\/1"}],"replies":[{"embeddable":true,"href":"https:\/\/www.land-water-blog.de\/en\/wp-json\/wp\/v2\/comments?post=13"}],"version-history":[{"count":7,"href":"https:\/\/www.land-water-blog.de\/en\/wp-json\/wp\/v2\/pages\/13\/revisions"}],"predecessor-version":[{"id":2157,"href":"https:\/\/www.land-water-blog.de\/en\/wp-json\/wp\/v2\/pages\/13\/revisions\/2157"}],"wp:attachment":[{"href":"https:\/\/www.land-water-blog.de\/en\/wp-json\/wp\/v2\/media?parent=13"}],"curies":[{"name":"wp","href":"https:\/\/api.w.org\/{rel}","templated":true}]}}